{"id":26,"date":"2025-11-11T15:48:47","date_gmt":"2025-11-11T14:48:47","guid":{"rendered":"https:\/\/432131-1.web.fhgr.education\/?page_id=26"},"modified":"2025-11-11T18:16:30","modified_gmt":"2025-11-11T17:16:30","slug":"ueber-uns","status":"publish","type":"page","link":"https:\/\/432131-1.web.fhgr.education\/?page_id=26","title":{"rendered":"\u00dcber uns"},"content":{"rendered":"\n<div class=\"wp-block-group alignwide has-background-light-background-color has-background is-layout-constrained wp-container-core-group-is-layout-5bd35887 wp-block-group-is-layout-constrained\" style=\"padding-top:68px\">\n<div class=\"wp-block-columns is-layout-flex wp-container-core-columns-is-layout-e0fbbc84 wp-block-columns-is-layout-flex\">\n<div class=\"wp-block-column is-style-ona-negative-offset-bottom is-layout-flow wp-block-column-is-layout-flow\">\n<figure class=\"wp-block-image size-full is-resized\"><img loading=\"lazy\" decoding=\"async\" width=\"1631\" height=\"2560\" src=\"https:\/\/432131-1.web.fhgr.education\/wp-content\/uploads\/2025\/11\/Shooting-Red-Crush-2025-Emma-Tournier-71-scaled-1.webp\" alt=\"\" class=\"wp-image-50\" style=\"width:565px;height:637px\" srcset=\"https:\/\/432131-1.web.fhgr.education\/wp-content\/uploads\/2025\/11\/Shooting-Red-Crush-2025-Emma-Tournier-71-scaled-1.webp 1631w, https:\/\/432131-1.web.fhgr.education\/wp-content\/uploads\/2025\/11\/Shooting-Red-Crush-2025-Emma-Tournier-71-scaled-1-191x300.webp 191w, https:\/\/432131-1.web.fhgr.education\/wp-content\/uploads\/2025\/11\/Shooting-Red-Crush-2025-Emma-Tournier-71-scaled-1-652x1024.webp 652w, https:\/\/432131-1.web.fhgr.education\/wp-content\/uploads\/2025\/11\/Shooting-Red-Crush-2025-Emma-Tournier-71-scaled-1-768x1205.webp 768w, https:\/\/432131-1.web.fhgr.education\/wp-content\/uploads\/2025\/11\/Shooting-Red-Crush-2025-Emma-Tournier-71-scaled-1-979x1536.webp 979w, https:\/\/432131-1.web.fhgr.education\/wp-content\/uploads\/2025\/11\/Shooting-Red-Crush-2025-Emma-Tournier-71-scaled-1-1305x2048.webp 1305w, https:\/\/432131-1.web.fhgr.education\/wp-content\/uploads\/2025\/11\/Shooting-Red-Crush-2025-Emma-Tournier-71-scaled-1-1170x1836.webp 1170w\" sizes=\"auto, (max-width: 1631px) 100vw, 1631px\" \/><\/figure>\n<\/div>\n\n\n\n<div class=\"wp-block-column is-vertically-aligned-center is-layout-flow wp-block-column-is-layout-flow\">\n<h2 class=\"wp-block-heading is-style-ona-alt-font has-x-large-font-size\"><strong><em>Energie, Begeisterung und Ausdruckskraft<\/em><\/strong><\/h2>\n\n\n\n<h1 class=\"wp-block-heading\" id=\"i-am-a-lifestyle-and-fashion-blogger-a-person-who-enjoys-travel\" style=\"margin-right:15%\">Events, die mehr sind als Termine im Kalender<\/h1>\n<\/div>\n<\/div>\n<\/div>\n\n\n\n<div class=\"wp-block-group alignwide ona-container is-layout-constrained wp-block-group-is-layout-constrained\">\n<div style=\"height:120px\" aria-hidden=\"true\" class=\"wp-block-spacer\"><\/div>\n\n\n\n<hr class=\"wp-block-separator has-text-color has-foreground-color has-css-opacity has-foreground-background-color has-background is-style-default\"\/>\n\n\n\n<p class=\"has-text-align-center has-foreground-color has-text-color has-medium-large-font-size\" style=\"line-height:1.3\"><i>\u201eVerve\u201c bedeutet <\/i><strong style=\"\"><i>Schwung<\/i><\/strong>. Aus diesem Schwung, gestalten wir Events <em>individuell, stilvoll und unvergesslich \u2013 mit einem Hauch regionalem Charme.<\/em><\/p>\n\n\n\n<hr class=\"wp-block-separator has-text-color has-foreground-color has-css-opacity has-foreground-background-color has-background is-style-default\"\/>\n<\/div>\n\n\n\n<div class=\"wp-block-group alignwide ona-container is-style-no-spacing has-tertiary-background-color has-background is-layout-constrained wp-container-core-group-is-layout-ed30c500 wp-block-group-is-layout-constrained\" style=\"padding-top:100px;padding-bottom:100px\">\n<p class=\"has-text-align-center has-foreground-color has-text-color has-link-color wp-elements-21d31813b521c110a74368e7b488f0e1\" style=\"border-radius:0px;font-size:57px\"><strong>Warum Verve<\/strong>?<\/p>\n\n\n\n<div class=\"wp-block-columns is-layout-flex wp-container-core-columns-is-layout-28f84493 wp-block-columns-is-layout-flex\">\n<div class=\"wp-block-column is-layout-flow wp-block-column-is-layout-flow\">\n<div class=\"wp-block-group has-background-background-color has-background is-layout-flow wp-block-group-is-layout-flow\" style=\"padding-top:3rem;padding-right:2.5rem;padding-bottom:2.5rem;padding-left:2.5rem\">\n<p class=\"is-style-no-spacing has-primary-color has-text-color has-x-large-font-size\" style=\"line-height:.5\">1<\/p>\n\n\n\n<p class=\"has-headings-color has-text-color\"><em>Von Location und Catering bis hin zu Dekoration und Technik \u2013 wir k\u00fcmmern uns um jedes Detail.<\/em><\/p>\n\n\n\n<h3 class=\"wp-block-heading\" id=\"xyrel-paterson\" style=\"font-size:0.9375rem\">Professionelle Umsetzung<\/h3>\n<\/div>\n\n\n\n<div style=\"height:20px\" aria-hidden=\"true\" class=\"wp-block-spacer\"><\/div>\n<\/div>\n\n\n\n<div class=\"wp-block-column is-layout-flow wp-block-column-is-layout-flow\">\n<div class=\"wp-block-group has-background-background-color has-background is-layout-flow wp-block-group-is-layout-flow\" style=\"padding-top:3rem;padding-right:2.5rem;padding-bottom:2.5rem;padding-left:2.5rem\">\n<p class=\"is-style-no-spacing has-primary-color has-text-color has-x-large-font-size\" style=\"line-height:.5\">2<\/p>\n\n\n\n<p class=\"has-headings-color has-text-color\"><em>Jedes Jubil\u00e4um, jede Hochzeit und jeder Geburtstag wird einzigartig nach Ihren W\u00fcnschen gestaltet.<\/em><\/p>\n\n\n\n<h3 class=\"wp-block-heading\" id=\"xyrel-paterson\" style=\"font-size:0.9375rem\">Individuelle Konzepte<\/h3>\n<\/div>\n\n\n\n<div style=\"height:20px\" aria-hidden=\"true\" class=\"wp-block-spacer\"><\/div>\n<\/div>\n\n\n\n<div class=\"wp-block-column is-layout-flow wp-block-column-is-layout-flow\">\n<div class=\"wp-block-group has-background-background-color has-background is-layout-flow wp-block-group-is-layout-flow\" style=\"padding-top:3rem;padding-right:2.5rem;padding-bottom:2.5rem;padding-left:2.5rem\">\n<p class=\"is-style-no-spacing has-primary-color has-text-color has-x-large-font-size\" style=\"line-height:.5\">3<\/p>\n\n\n\n<p class=\"has-headings-color has-text-color\"><em>Durch enge Partnerschaften in Graub\u00fcnden verbinden wir Professionalit\u00e4t mit lokalem Charme.<\/em><\/p>\n\n\n\n<h3 class=\"wp-block-heading\" id=\"xyrel-paterson\" style=\"font-size:0.9375rem\">Regional verbunden<\/h3>\n<\/div>\n\n\n\n<div style=\"height:20px\" aria-hidden=\"true\" class=\"wp-block-spacer\"><\/div>\n<\/div>\n<\/div>\n<\/div>\n\n\n\n<div class=\"wp-block-group alignwide has-background-light-background-color has-background is-layout-constrained wp-container-core-group-is-layout-2f0e217f wp-block-group-is-layout-constrained\" style=\"padding-top:100px;padding-right:var(--wp--preset--spacing--50);padding-bottom:100px;padding-left:var(--wp--preset--spacing--50)\">\n<h2 class=\"wp-block-heading has-large-font-size\" style=\"margin-bottom:48px\"><span style=\"text-decoration: underline;\">Unser Team<\/span><\/h2>\n\n\n\n<div class=\"wp-block-columns is-layout-flex wp-container-core-columns-is-layout-57d1479e wp-block-columns-is-layout-flex\" style=\"margin-bottom:30px\">\n<div class=\"wp-block-column is-layout-flow wp-container-core-column-is-layout-47e5a185 wp-block-column-is-layout-flow\"><\/div>\n\n\n\n<div class=\"wp-block-column is-layout-flow wp-container-core-column-is-layout-47e5a185 wp-block-column-is-layout-flow\">\n<div class=\"wp-block-group has-background is-layout-constrained wp-container-core-group-is-layout-254f1302 wp-block-group-is-layout-constrained\" style=\"background:linear-gradient(180deg,rgba(255,255,255,0) 79%,rgb(255,255,255) 79%);padding-top:0;padding-right:0;padding-bottom:0;padding-left:0\">\n<figure class=\"wp-block-image aligncenter size-full has-custom-border\"><img loading=\"lazy\" decoding=\"async\" width=\"1024\" height=\"1024\" src=\"https:\/\/432131-1.web.fhgr.education\/wp-content\/uploads\/2025\/11\/IMG_3415.jpg\" alt=\"\" class=\"wp-image-51\" style=\"border-radius:5px\" srcset=\"https:\/\/432131-1.web.fhgr.education\/wp-content\/uploads\/2025\/11\/IMG_3415.jpg 1024w, https:\/\/432131-1.web.fhgr.education\/wp-content\/uploads\/2025\/11\/IMG_3415-300x300.jpg 300w, https:\/\/432131-1.web.fhgr.education\/wp-content\/uploads\/2025\/11\/IMG_3415-150x150.jpg 150w, https:\/\/432131-1.web.fhgr.education\/wp-content\/uploads\/2025\/11\/IMG_3415-768x768.jpg 768w\" sizes=\"auto, (max-width: 1024px) 100vw, 1024px\" \/><\/figure>\n<\/div>\n\n\n\n<div class=\"wp-block-group has-background-background-color has-background is-layout-constrained wp-container-core-group-is-layout-27a159da wp-block-group-is-layout-constrained\" style=\"padding-top:2rem;padding-right:2rem;padding-bottom:2rem;padding-left:2rem\">\n<h3 class=\"wp-block-heading has-text-align-center\" style=\"font-size:1.125rem\">Angelina Chiara Saj<\/h3>\n\n\n\n<p class=\"has-text-align-left has-headings-font-family has-tiny-font-size\" style=\"font-style:normal;font-weight:600\">Mit Leidenschaft und einem Blick f\u00fcrs Detail sorgt Angelina daf\u00fcr, dass jedes Event zu einem unvergesslichen Erlebnis wird. Ihre St\u00e4rke liegt im perfekten Zusammenspiel von Organisation, Kreativit\u00e4t und Herzblut<\/p>\n<\/div>\n<\/div>\n\n\n\n<div class=\"wp-block-column is-layout-flow wp-container-core-column-is-layout-47e5a185 wp-block-column-is-layout-flow\">\n<div class=\"wp-block-group has-background is-layout-constrained wp-container-core-group-is-layout-254f1302 wp-block-group-is-layout-constrained\" style=\"background:linear-gradient(180deg,rgba(255,255,255,0) 79%,rgb(255,255,255) 79%);padding-top:0;padding-right:0;padding-bottom:0;padding-left:0\">\n<figure class=\"wp-block-image aligncenter size-full has-custom-border\"><img loading=\"lazy\" decoding=\"async\" width=\"990\" height=\"550\" src=\"https:\/\/432131-1.web.fhgr.education\/wp-content\/uploads\/2025\/11\/IMG_1737-2.jpg\" alt=\"\" class=\"wp-image-54\" style=\"border-radius:5px;aspect-ratio:1;object-fit:cover\" srcset=\"https:\/\/432131-1.web.fhgr.education\/wp-content\/uploads\/2025\/11\/IMG_1737-2.jpg 990w, https:\/\/432131-1.web.fhgr.education\/wp-content\/uploads\/2025\/11\/IMG_1737-2-300x167.jpg 300w, https:\/\/432131-1.web.fhgr.education\/wp-content\/uploads\/2025\/11\/IMG_1737-2-768x427.jpg 768w\" sizes=\"auto, (max-width: 990px) 100vw, 990px\" \/><\/figure>\n<\/div>\n\n\n\n<div class=\"wp-block-group has-background-background-color has-background is-layout-constrained wp-container-core-group-is-layout-27a159da wp-block-group-is-layout-constrained\" style=\"padding-top:2rem;padding-right:2rem;padding-bottom:2rem;padding-left:2rem\">\n<h3 class=\"wp-block-heading has-text-align-center\" style=\"font-size:1.125rem\">Sandy St\u00f6ckenius<\/h3>\n\n\n\n<p class=\"has-text-align-left has-headings-font-family has-tiny-font-size\" style=\"font-style:normal;font-weight:600\">Sandy ist die Br\u00fccke zwischen unseren Partnern und Projekten. Mit Erfahrung, Empathie und klarer Kommunikation sorgt sie daf\u00fcr, dass jede Zusammenarbeit harmonisch und erfolgreich verl\u00e4uft.<\/p>\n<\/div>\n<\/div>\n<\/div>\n\n\n\n<div class=\"wp-block-columns is-layout-flex wp-container-core-columns-is-layout-2709eace wp-block-columns-is-layout-flex\">\n<div class=\"wp-block-column is-layout-flow wp-container-core-column-is-layout-47e5a185 wp-block-column-is-layout-flow\"><\/div>\n\n\n\n<div class=\"wp-block-column is-layout-flow wp-container-core-column-is-layout-47e5a185 wp-block-column-is-layout-flow\">\n<div class=\"wp-block-group has-background is-layout-constrained wp-container-core-group-is-layout-254f1302 wp-block-group-is-layout-constrained\" style=\"background:linear-gradient(180deg,rgba(255,255,255,0) 79%,rgb(255,255,255) 79%);padding-top:0;padding-right:0;padding-bottom:0;padding-left:0\">\n<figure class=\"wp-block-image aligncenter size-full has-custom-border\"><img loading=\"lazy\" decoding=\"async\" width=\"685\" height=\"511\" src=\"https:\/\/432131-1.web.fhgr.education\/wp-content\/uploads\/2025\/11\/KilliHeluschka_Flueala-1.jpg\" alt=\"\" class=\"wp-image-58\" style=\"border-radius:5px\" srcset=\"https:\/\/432131-1.web.fhgr.education\/wp-content\/uploads\/2025\/11\/KilliHeluschka_Flueala-1.jpg 685w, https:\/\/432131-1.web.fhgr.education\/wp-content\/uploads\/2025\/11\/KilliHeluschka_Flueala-1-300x224.jpg 300w\" sizes=\"auto, (max-width: 685px) 100vw, 685px\" \/><\/figure>\n<\/div>\n\n\n\n<div class=\"wp-block-group has-background-background-color has-background is-layout-constrained wp-container-core-group-is-layout-27a159da wp-block-group-is-layout-constrained\" style=\"padding-top:2rem;padding-right:2rem;padding-bottom:2rem;padding-left:2rem\">\n<h3 class=\"wp-block-heading has-text-align-center\" style=\"font-size:1.125rem\">Killi und Helushka<\/h3>\n\n\n\n<p class=\"has-text-align-left has-headings-font-family has-tiny-font-size\" style=\"font-style:normal;font-weight:600\">Unsere flauschigen Feelgood-Manager \u2013 immer f\u00fcr Streicheleinheiten, Motivation und gute Laune im Team zust\u00e4ndig.<\/p>\n<\/div>\n<\/div>\n\n\n\n<div class=\"wp-block-column is-layout-flow wp-container-core-column-is-layout-47e5a185 wp-block-column-is-layout-flow\">\n<div class=\"wp-block-group has-background is-layout-constrained wp-container-core-group-is-layout-254f1302 wp-block-group-is-layout-constrained\" style=\"background:linear-gradient(180deg,rgba(255,255,255,0) 79%,rgb(255,255,255) 79%);padding-top:0;padding-right:0;padding-bottom:0;padding-left:0\">\n<figure class=\"wp-block-image aligncenter size-full has-custom-border\"><img decoding=\"async\" src=\"https:\/\/432131-1.web.fhgr.education\/wp-content\/themes\/ona\/assets\/img\/business\/ona_business_team_6.jpg\" alt=\"\" class=\"wp-image-347\" style=\"border-radius:5px\"\/><\/figure>\n<\/div>\n\n\n\n<div class=\"wp-block-group has-background-background-color has-background is-layout-constrained wp-container-core-group-is-layout-27a159da wp-block-group-is-layout-constrained\" style=\"padding-top:2rem;padding-right:2rem;padding-bottom:2rem;padding-left:2rem\">\n<h3 class=\"wp-block-heading has-text-align-center\" style=\"font-size:1.125rem\">Chantal Ladriere<\/h3>\n\n\n\n<p class=\"has-text-align-left has-headings-font-family has-tiny-font-size\" style=\"font-style:normal;font-weight:600\">Von der ersten Idee bis zum letzten Handgriff \u2013 Chantal bringt Stil, Struktur und ein Gesp\u00fcr f\u00fcr \u00c4sthetik in jedes Event. Kreativ, zuverl\u00e4ssig und immer mit einem L\u00e4cheln.<\/p>\n<\/div>\n<\/div>\n<\/div>\n<\/div>\n\n\n\n<div class=\"wp-block-group alignwide has-background-light-background-color has-background is-layout-constrained wp-container-core-group-is-layout-d71210ec wp-block-group-is-layout-constrained\" style=\"margin-top:0px;padding-top:140px;padding-right:var(--wp--preset--spacing--50);padding-bottom:140px;padding-left:var(--wp--preset--spacing--50)\">\n<h2 class=\"wp-block-heading has-text-align-center\" style=\"margin-bottom:5rem;font-size:3.9rem\">Unsere Benefits<\/h2>\n\n\n\n<div class=\"wp-block-buttons alignwide is-content-justification-center is-layout-flex wp-container-core-buttons-is-layout-a89b3969 wp-block-buttons-is-layout-flex\">\n<div class=\"wp-block-button\"><a class=\"wp-block-button__link wp-element-button\" href=\"https:\/\/432131-1.web.fhgr.education\/?page_id=103\">Teil vom Team werden<\/a><\/div>\n<\/div>\n\n\n\n<div class=\"wp-block-group alignwide ona-container is-layout-flow wp-block-group-is-layout-flow\" style=\"padding-top:100px;padding-bottom:20px\">\n<figure class=\"wp-block-gallery has-nested-images columns-5 is-cropped wp-block-gallery-1 is-layout-flex wp-block-gallery-is-layout-flex\">\n<figure class=\"wp-block-image size-large\"><img loading=\"lazy\" decoding=\"async\" width=\"1024\" height=\"416\" data-id=\"60\" src=\"https:\/\/432131-1.web.fhgr.education\/wp-content\/uploads\/2025\/11\/4-1024x416.png\" alt=\"\" class=\"wp-image-60\" srcset=\"https:\/\/432131-1.web.fhgr.education\/wp-content\/uploads\/2025\/11\/4-1024x416.png 1024w, https:\/\/432131-1.web.fhgr.education\/wp-content\/uploads\/2025\/11\/4-300x122.png 300w, https:\/\/432131-1.web.fhgr.education\/wp-content\/uploads\/2025\/11\/4-768x312.png 768w, https:\/\/432131-1.web.fhgr.education\/wp-content\/uploads\/2025\/11\/4-1170x475.png 1170w, https:\/\/432131-1.web.fhgr.education\/wp-content\/uploads\/2025\/11\/4.png 1195w\" sizes=\"auto, (max-width: 1024px) 100vw, 1024px\" \/><\/figure>\n\n\n\n<figure class=\"wp-block-image size-large\"><img loading=\"lazy\" decoding=\"async\" width=\"840\" height=\"560\" data-id=\"61\" src=\"https:\/\/432131-1.web.fhgr.education\/wp-content\/uploads\/2025\/11\/subject-2b.6cb8eb4.jpg\" alt=\"\" class=\"wp-image-61\" srcset=\"https:\/\/432131-1.web.fhgr.education\/wp-content\/uploads\/2025\/11\/subject-2b.6cb8eb4.jpg 840w, https:\/\/432131-1.web.fhgr.education\/wp-content\/uploads\/2025\/11\/subject-2b.6cb8eb4-300x200.jpg 300w, https:\/\/432131-1.web.fhgr.education\/wp-content\/uploads\/2025\/11\/subject-2b.6cb8eb4-768x512.jpg 768w\" sizes=\"auto, (max-width: 840px) 100vw, 840px\" \/><\/figure>\n\n\n\n<figure class=\"wp-block-image size-large\"><img loading=\"lazy\" decoding=\"async\" width=\"1024\" height=\"585\" data-id=\"62\" src=\"https:\/\/432131-1.web.fhgr.education\/wp-content\/uploads\/2025\/11\/Wertschaetzung-und-Teamgeist-1024x585.jpg\" alt=\"\" class=\"wp-image-62\" srcset=\"https:\/\/432131-1.web.fhgr.education\/wp-content\/uploads\/2025\/11\/Wertschaetzung-und-Teamgeist-1024x585.jpg 1024w, https:\/\/432131-1.web.fhgr.education\/wp-content\/uploads\/2025\/11\/Wertschaetzung-und-Teamgeist-300x171.jpg 300w, https:\/\/432131-1.web.fhgr.education\/wp-content\/uploads\/2025\/11\/Wertschaetzung-und-Teamgeist-768x439.jpg 768w, https:\/\/432131-1.web.fhgr.education\/wp-content\/uploads\/2025\/11\/Wertschaetzung-und-Teamgeist-1170x669.jpg 1170w, https:\/\/432131-1.web.fhgr.education\/wp-content\/uploads\/2025\/11\/Wertschaetzung-und-Teamgeist.jpg 1344w\" sizes=\"auto, (max-width: 1024px) 100vw, 1024px\" \/><\/figure>\n<\/figure>\n<\/div>\n\n\n\n<div class=\"wp-block-columns is-layout-flex wp-container-core-columns-is-layout-28f84493 wp-block-columns-is-layout-flex\">\n<div class=\"wp-block-column is-layout-flow wp-block-column-is-layout-flow\">\n<p style=\"font-size:20px\"><strong>Gestaltungsfreiheit <br>&amp; Eigenverantwortung<\/strong><\/p>\n\n\n\n<p>Hier bist du nicht einfach ein R\u00e4dchen im Getriebe \u2013 du bewegst das Ganze mit.<br>Wir vertrauen dir und geben dir die Freiheit, Projekte selbst\u00e4ndig zu leiten, Neues auszuprobieren und deine Handschrift in jedes Event einzubringen.<\/p>\n<\/div>\n\n\n\n<div class=\"wp-block-column is-layout-flow wp-block-column-is-layout-flow\">\n<p style=\"font-size:20px\"><strong>Erlebnisse<br>statt Alltag<\/strong><\/p>\n\n\n\n<p>Routine? Gibt\u2019s bei uns nicht. Du arbeitest an aussergew\u00f6hnlichen Projekten an inspirierenden Orten, begegnest spannenden Menschen und siehst direkt, wie deine Arbeit Emotionen weckt.<br>Jeder Tag bringt neue Eindr\u00fccke, Herausforderungen \u2013 und G\u00e4nsehautmomente.<\/p>\n<\/div>\n\n\n\n<div class=\"wp-block-column is-layout-flow wp-block-column-is-layout-flow\">\n<p style=\"font-size:20px\"><strong>Wertsch\u00e4tzung, Teamgeist<br> &amp; gute Vibes<\/strong><\/p>\n\n\n\n<p class=\"is-service-description\">Wir glauben an Miteinander statt Gegeneinander. Bei uns findest du ein offenes, unterst\u00fctzendes Umfeld, in dem jede Meinung z\u00e4hlt.<\/p>\n\n\n\n<p class=\"is-service-description\">Und nat\u00fcrlich unsere vierbeinigen Seelensorger Killi &amp; Helushka, die immer f\u00fcr gute Laune sorgen \u2013 egal, wie stressig der Tag wird.<\/p>\n<\/div>\n<\/div>\n<\/div>\n","protected":false},"excerpt":{"rendered":"<p>Energie, Begeisterung und Ausdruckskraft Events, die mehr sind als Termine im Kalender \u201eVerve\u201c bedeutet Schwung. Aus diesem Schwung, gestalten wir Events individuell, stilvoll und unvergesslich \u2013 mit einem Hauch regionalem Charme. Warum Verve? 1 Von Location und Catering bis hin zu Dekoration und Technik \u2013 wir k\u00fcmmern uns um jedes Detail. Professionelle Umsetzung 2 Jedes [&hellip;]<\/p>\n","protected":false},"author":1,"featured_media":0,"parent":0,"menu_order":0,"comment_status":"closed","ping_status":"closed","template":"","meta":{"footnotes":""},"class_list":["post-26","page","type-page","status-publish","hentry"],"_links":{"self":[{"href":"https:\/\/432131-1.web.fhgr.education\/index.php?rest_route=\/wp\/v2\/pages\/26","targetHints":{"allow":["GET"]}}],"collection":[{"href":"https:\/\/432131-1.web.fhgr.education\/index.php?rest_route=\/wp\/v2\/pages"}],"about":[{"href":"https:\/\/432131-1.web.fhgr.education\/index.php?rest_route=\/wp\/v2\/types\/page"}],"author":[{"embeddable":true,"href":"https:\/\/432131-1.web.fhgr.education\/index.php?rest_route=\/wp\/v2\/users\/1"}],"replies":[{"embeddable":true,"href":"https:\/\/432131-1.web.fhgr.education\/index.php?rest_route=%2Fwp%2Fv2%2Fcomments&post=26"}],"version-history":[{"count":4,"href":"https:\/\/432131-1.web.fhgr.education\/index.php?rest_route=\/wp\/v2\/pages\/26\/revisions"}],"predecessor-version":[{"id":143,"href":"https:\/\/432131-1.web.fhgr.education\/index.php?rest_route=\/wp\/v2\/pages\/26\/revisions\/143"}],"wp:attachment":[{"href":"https:\/\/432131-1.web.fhgr.education\/index.php?rest_route=%2Fwp%2Fv2%2Fmedia&parent=26"}],"curies":[{"name":"wp","href":"https:\/\/api.w.org\/{rel}","templated":true}]}}