{"id":24,"date":"2025-11-11T16:10:46","date_gmt":"2025-11-11T15:10:46","guid":{"rendered":"https:\/\/432131-1.web.fhgr.education\/?page_id=24"},"modified":"2025-11-18T11:30:35","modified_gmt":"2025-11-18T10:30:35","slug":"partner","status":"publish","type":"page","link":"https:\/\/432131-1.web.fhgr.education\/?page_id=24","title":{"rendered":"Partner"},"content":{"rendered":"\n<div class=\"wp-block-group alignfull is-layout-flow wp-container-core-group-is-layout-dc35bc7e wp-block-group-is-layout-flow\" style=\"margin-top:0;margin-bottom:0\">\n<div class=\"wp-block-cover alignfull has-custom-content-position is-position-bottom-center\" style=\"padding-top:60px;padding-right:var(--wp--preset--spacing--50);padding-bottom:60px;padding-left:var(--wp--preset--spacing--50)\"><img decoding=\"async\" class=\"wp-block-cover__image-background wp-image-412\" alt=\"about_page_title\" src=\"https:\/\/432131-1.web.fhgr.education\/wp-content\/themes\/ona\/assets\/img\/studio\/about_page_title.webp\" data-object-fit=\"cover\"\/><span aria-hidden=\"true\" class=\"wp-block-cover__background has-dark-background-color has-background-dim\"><\/span><div class=\"wp-block-cover__inner-container is-layout-constrained wp-container-core-cover-is-layout-d8f69cee wp-block-cover-is-layout-constrained\">\n<div class=\"wp-block-group alignwide is-content-justification-left is-layout-constrained wp-container-core-group-is-layout-d382bc8f wp-block-group-is-layout-constrained\">\n<h1 class=\"wp-block-heading alignwide has-x-large-font-size\">Zusammen gestalten wir Erlebnisse, die Emotionen wecken und in Erinnerung bleiben.<\/h1>\n\n\n\n<p class=\"has-light-color has-text-color has-link-color has-lead-font-size wp-elements-13ad4e4b89cc2ff8173ecb0d6b36ecb7\">Gemeinsam stark \u2013 gemeinsam einzigartig.<\/p>\n<\/div>\n<\/div><\/div>\n\n\n\n<div class=\"wp-block-group has-background-light-background-color has-background is-layout-constrained wp-container-core-group-is-layout-8e767831 wp-block-group-is-layout-constrained\" style=\"padding-top:120px;padding-right:var(--wp--preset--spacing--50);padding-bottom:120px;padding-left:var(--wp--preset--spacing--50)\">\n<div class=\"wp-block-columns is-layout-flex wp-container-core-columns-is-layout-091d26f2 wp-block-columns-is-layout-flex\">\n<div class=\"wp-block-column is-layout-flow wp-block-column-is-layout-flow\" style=\"flex-basis:46%\">\n<figure class=\"wp-block-image size-full has-custom-border\"><img decoding=\"async\" src=\"https:\/\/432131-1.web.fhgr.education\/wp-content\/themes\/ona\/assets\/img\/studio\/about_intro.webp\" alt=\"About Ona\" class=\"wp-image-423\" style=\"border-radius:10px\"\/><\/figure>\n<\/div>\n\n\n\n<div class=\"wp-block-column is-layout-flow wp-block-column-is-layout-flow\" style=\"flex-basis:54%\">\n<div class=\"wp-block-group is-nowrap is-layout-flex wp-container-core-group-is-layout-6c531013 wp-block-group-is-layout-flex\">\n<div class=\"wp-block-group is-vertical is-layout-flex wp-container-core-group-is-layout-0bc941e6 wp-block-group-is-layout-flex\" style=\"min-height:100%\">\n<div class=\"wp-block-group is-layout-constrained wp-block-group-is-layout-constrained\">\n<h2 class=\"wp-block-heading\">Ihre perfekte Auswahl \u2013 von uns gepr\u00fcft, f\u00fcr Sie organisiert<\/h2>\n\n\n\n<p style=\"font-size:1.25rem\">Wir arbeiten mit ausgew\u00e4hlten Partnern aus Graub\u00fcnden zusammen, damit Sie sich um nichts k\u00fcmmern m\u00fcssen.<br><em>Verve <\/em>\u00fcbernimmt f\u00fcr Sie die gesamte Abstimmung mit Locations, Catering, Deko und Technik \u2013 von der Offertanfrage bis zur finalen Zusage.<br>So profitieren Sie von gepr\u00fcfter Qualit\u00e4t, eingespielten Abl\u00e4ufen und fairen Konditionen \u2013 w\u00e4hrend Sie sich ganz auf die Vorfreude konzentrieren k\u00f6nnen.<\/p>\n<\/div>\n\n\n\n<div class=\"wp-block-group is-nowrap is-layout-flex wp-container-core-group-is-layout-6c531013 wp-block-group-is-layout-flex\">\n<figure class=\"wp-block-image size-full\"><img decoding=\"async\" src=\"https:\/\/432131-1.web.fhgr.education\/wp-content\/themes\/ona\/assets\/img\/studio\/rating.webp\" alt=\"\" class=\"wp-image-453\"\/><\/figure>\n\n\n\n<div class=\"wp-block-group is-layout-constrained wp-container-core-group-is-layout-e0082cf6 wp-block-group-is-layout-constrained\">\n<p>Top Beratung<\/p>\n\n\n\n<figure class=\"wp-block-image size-large\"><img decoding=\"async\" src=\"https:\/\/432131-1.web.fhgr.education\/wp-content\/themes\/ona\/assets\/img\/studio\/stars.svg\" alt=\"\" class=\"wp-image-454\"\/><\/figure>\n<\/div>\n<\/div>\n<\/div>\n<\/div>\n<\/div>\n<\/div>\n<\/div>\n\n\n\n<div class=\"wp-block-group alignfull is-layout-constrained wp-container-core-group-is-layout-a951c095 wp-block-group-is-layout-constrained\" style=\"padding-top:120px;padding-right:var(--wp--preset--spacing--50);padding-bottom:60px;padding-left:var(--wp--preset--spacing--50)\">\n<div class=\"wp-block-group ona-bento-grid is-layout-grid wp-container-core-group-is-layout-3a20f6d0 wp-block-group-is-layout-grid\">\n<div class=\"wp-block-group wp-container-content-f0cb0e97 is-vertical is-content-justification-stretch is-layout-flex wp-container-core-group-is-layout-3dd9082b wp-block-group-is-layout-flex\" style=\"margin-bottom:var(--wp--preset--spacing--50)\">\n<div class=\"wp-block-group has-text-lighter-background-color has-background wp-container-content-9cfa9a5a is-vertical is-content-justification-stretch is-layout-flex wp-container-core-group-is-layout-dae0b291 wp-block-group-is-layout-flex\" style=\"border-radius:10px;padding-top:3rem;padding-right:3rem;padding-bottom:3rem;padding-left:3rem\">\n<h2 class=\"wp-block-heading has-large-font-size\">18+<\/h2>\n\n\n\n<h3 class=\"wp-block-heading\" style=\"font-size:1.38rem\">Destinationen<\/h3>\n<\/div>\n\n\n\n<div class=\"wp-block-group has-background wp-container-content-9cfa9a5a is-vertical is-content-justification-stretch is-layout-flex wp-container-core-group-is-layout-dae0b291 wp-block-group-is-layout-flex\" style=\"border-radius:10px;background-color:#e0e8d3;padding-top:3rem;padding-right:3rem;padding-bottom:3rem;padding-left:3rem\">\n<h2 class=\"wp-block-heading has-large-font-size\">107<\/h2>\n\n\n\n<h3 class=\"wp-block-heading\" style=\"font-size:1.38rem\">Erfolgreiche Events<\/h3>\n<\/div>\n<\/div>\n\n\n\n<div class=\"wp-block-group wp-container-content-f0cb0e97 is-vertical is-content-justification-stretch is-layout-flex wp-container-core-group-is-layout-3dd9082b wp-block-group-is-layout-flex\" style=\"margin-bottom:var(--wp--preset--spacing--50)\">\n<div class=\"wp-block-group has-background wp-container-content-9cfa9a5a is-vertical is-layout-flex wp-container-core-group-is-layout-60c1925f wp-block-group-is-layout-flex\" style=\"border-radius:10px;background-color:#a6c0c8;padding-top:3rem;padding-right:3rem;padding-bottom:3rem;padding-left:3rem\">\n<h2 class=\"wp-block-heading has-large-font-size\">42+<\/h2>\n\n\n\n<h3 class=\"wp-block-heading\" style=\"font-size:1.38rem\">Partner<\/h3>\n<\/div>\n\n\n\n<div class=\"wp-block-group has-background wp-container-content-9cfa9a5a is-vertical is-layout-flex wp-container-core-group-is-layout-60c1925f wp-block-group-is-layout-flex\" style=\"border-radius:10px;background-color:#dfc4df;padding-top:3rem;padding-right:3rem;padding-bottom:3rem;padding-left:3rem\">\n<h2 class=\"wp-block-heading has-large-font-size\">100%<\/h2>\n\n\n\n<h3 class=\"wp-block-heading\">Herzblut<\/h3>\n<\/div>\n<\/div>\n\n\n\n<div class=\"wp-block-cover hover-scale is-style-ona-hover-scale wp-container-content-bfa548f7\" style=\"border-radius:10px;margin-bottom:var(--wp--preset--spacing--50);padding-top:3rem;padding-right:3rem;padding-bottom:3rem;padding-left:3rem;min-height:612px;aspect-ratio:unset;\"><img decoding=\"async\" class=\"wp-block-cover__image-background wp-image-431\" alt=\"\" src=\"https:\/\/432131-1.web.fhgr.education\/wp-content\/themes\/ona\/assets\/img\/studio\/about_stats.webp\" data-object-fit=\"cover\"\/><span aria-hidden=\"true\" class=\"wp-block-cover__background has-dark-background-color has-background-dim-30 has-background-dim\"><\/span><div class=\"wp-block-cover__inner-container is-layout-flow wp-block-cover-is-layout-flow\">\n<div class=\"wp-block-group wp-container-content-72558541 is-layout-constrained wp-block-group-is-layout-constrained\">\n<h2 class=\"wp-block-heading has-text-align-center has-medium-large-font-size\">Wir suchen Partner, die unsere Leidenschaft teilen!<\/h2>\n\n\n\n<div class=\"wp-block-buttons is-content-justification-center is-layout-flex wp-container-core-buttons-is-layout-a89b3969 wp-block-buttons-is-layout-flex\">\n<div class=\"wp-block-button is-style-outline is-style-outline--1\"><a class=\"wp-block-button__link has-text-align-center wp-element-button\" href=\"https:\/\/432131-1.web.fhgr.education\/?page_id=117\" style=\"border-width:2px\">Jetzt Partner werden<\/a><\/div>\n<\/div>\n<\/div>\n<\/div><\/div>\n<\/div>\n<\/div>\n\n\n\n<div class=\"wp-block-group is-layout-constrained wp-container-core-group-is-layout-29957e30 wp-block-group-is-layout-constrained\" style=\"margin-top:0;margin-bottom:0;padding-top:60px;padding-right:var(--wp--preset--spacing--50);padding-bottom:120px;padding-left:var(--wp--preset--spacing--50)\">\n<div class=\"wp-block-group is-layout-constrained wp-container-core-group-is-layout-2688a0c4 wp-block-group-is-layout-constrained\" style=\"margin-bottom:var(--wp--preset--spacing--70)\">\n<h2 class=\"wp-block-heading has-text-align-center has-large-font-size\">Unsere Partner in Graub\u00fcnden<\/h2>\n\n\n\n<p class=\"has-text-align-center has-lead-font-size\">Jeder unserer Partner steht f\u00fcr dieselben Werte wie wir: Professionalit\u00e4t, Kreativit\u00e4t und das Streben, besondere Momente zu schaffen.<\/p>\n\n\n\n<p class=\"has-text-align-center\">Neugierig auf unsere Partner? Klicken Sie einfach auf das Bild und schon werden Sie entspannt zur passenden Webseite weitergeleitet.<\/p>\n<\/div>\n\n\n\n<div class=\"wp-block-columns is-layout-flex wp-container-core-columns-is-layout-28f84493 wp-block-columns-is-layout-flex\">\n<div class=\"wp-block-column is-layout-flow wp-block-column-is-layout-flow\" style=\"flex-basis:25%\">\n<div class=\"wp-block-group has-border-color has-stroke-border-color is-layout-constrained wp-container-core-group-is-layout-18a162c3 wp-block-group-is-layout-constrained\" style=\"border-width:1px;border-radius:10px;padding-top:2rem;padding-right:2rem;padding-bottom:2rem;padding-left:2rem\">\n<figure class=\"wp-block-image size-large has-custom-border\"><a href=\"https:\/\/www.waldhaus-sils.ch\/\"><img decoding=\"async\" src=\"https:\/\/kusterpartner.ch\/wp-content\/uploads\/2021\/10\/aussenaufnahme3.jpg\" alt=\"team_1\" style=\"border-radius:10px\"\/><\/a><\/figure>\n\n\n\n<div class=\"wp-block-group is-layout-constrained wp-container-core-group-is-layout-19e250f3 wp-block-group-is-layout-constrained\">\n<h3 class=\"wp-block-heading\" style=\"font-size:1.25rem\">Hotel Waldhaus Sils<\/h3>\n\n\n\n<p>Sils Maria<\/p>\n<\/div>\n<\/div>\n\n\n\n<div class=\"wp-block-group has-border-color has-stroke-border-color is-layout-constrained wp-container-core-group-is-layout-18a162c3 wp-block-group-is-layout-constrained\" style=\"border-width:1px;border-radius:10px;padding-top:2rem;padding-right:2rem;padding-bottom:2rem;padding-left:2rem\">\n<figure class=\"wp-block-image size-large has-custom-border\"><a href=\"https:\/\/www.the-alpina.com\/\"><img decoding=\"async\" src=\"https:\/\/as2.ftcdn.net\/v2\/jpg\/06\/36\/15\/39\/1000_F_636153959_ufbY1yy3IHylYF4Z78QYcufvZbvPpCit.jpg\" alt=\"team_1\" style=\"border-radius:10px\"\/><\/a><\/figure>\n\n\n\n<div class=\"wp-block-group is-layout-constrained wp-container-core-group-is-layout-19e250f3 wp-block-group-is-layout-constrained\">\n<h3 class=\"wp-block-heading\" style=\"font-size:1.25rem\">The Alpina<\/h3>\n\n\n\n<p>Lenzerheide<\/p>\n<\/div>\n<\/div>\n<\/div>\n\n\n\n<div class=\"wp-block-column is-layout-flow wp-block-column-is-layout-flow\" style=\"flex-basis:25%\">\n<div class=\"wp-block-group has-border-color has-stroke-border-color is-layout-constrained wp-container-core-group-is-layout-18a162c3 wp-block-group-is-layout-constrained\" style=\"border-width:1px;border-radius:10px;padding-top:2rem;padding-right:2rem;padding-bottom:2rem;padding-left:2rem\">\n<figure class=\"wp-block-image size-large has-custom-border\"><a href=\"https:\/\/www.schauenstein.ch\/\"><img decoding=\"async\" src=\"https:\/\/www.wbpstars.com\/wp-content\/uploads\/2021\/02\/Schauenstein-Schloss-Hotel-Restaurant-photo60171eda36891-1440x810.jpg?v=1612172355\" alt=\"team_1\" style=\"border-radius:10px\"\/><\/a><\/figure>\n\n\n\n<div class=\"wp-block-group is-layout-constrained wp-container-core-group-is-layout-19e250f3 wp-block-group-is-layout-constrained\">\n<h3 class=\"wp-block-heading\" style=\"font-size:1.25rem\">Schloss Schauenstein<\/h3>\n\n\n\n<p>F\u00fcrstenau<\/p>\n<\/div>\n<\/div>\n\n\n\n<div class=\"wp-block-group has-border-color has-stroke-border-color is-layout-constrained wp-container-core-group-is-layout-18a162c3 wp-block-group-is-layout-constrained\" style=\"border-width:1px;border-radius:10px;padding-top:2rem;padding-right:2rem;padding-bottom:2rem;padding-left:2rem\">\n<figure class=\"wp-block-image size-large has-custom-border\"><a href=\"https:\/\/www.belvedere-hotelfamilie.ch\/en\/our-hotels\/guardaval\/\"><img decoding=\"async\" src=\"https:\/\/www.stilpalast.ch\/wp-content\/uploads\/2020\/02\/csm_Guardaval_Aussen_Sommer_32f7890d94.jpg\" alt=\"team_1\" style=\"border-radius:10px\"\/><\/a><\/figure>\n\n\n\n<div class=\"wp-block-group is-layout-constrained wp-container-core-group-is-layout-19e250f3 wp-block-group-is-layout-constrained\">\n<h3 class=\"wp-block-heading\" style=\"font-size:1.25rem\">Engadiner Boutique-Hotel GuardaVal<\/h3>\n\n\n\n<p>Scuol<\/p>\n<\/div>\n<\/div>\n<\/div>\n\n\n\n<div class=\"wp-block-column is-layout-flow wp-block-column-is-layout-flow\" style=\"flex-basis:25%\">\n<div class=\"wp-block-group has-border-color has-stroke-border-color is-layout-constrained wp-container-core-group-is-layout-18a162c3 wp-block-group-is-layout-constrained\" style=\"border-width:1px;border-radius:10px;padding-top:2rem;padding-right:2rem;padding-bottom:2rem;padding-left:2rem\">\n<figure class=\"wp-block-image size-large is-resized has-custom-border\"><a href=\"https:\/\/www.reichenau.ch\/de\"><img decoding=\"async\" src=\"https:\/\/tse3.mm.bing.net\/th\/id\/OIP.gV93a4JTbE33WsuKhuycxAHaFh?cb=ucfimg2ucfimg=1&amp;rs=1&amp;pid=ImgDetMain&amp;o=7&amp;rm=3\" alt=\"team_1\" style=\"border-radius:10px;aspect-ratio:1.6666666666666667;object-fit:cover;width:203px;height:auto\"\/><\/a><\/figure>\n\n\n\n<div class=\"wp-block-group is-layout-constrained wp-container-core-group-is-layout-19e250f3 wp-block-group-is-layout-constrained\">\n<h3 class=\"wp-block-heading\" style=\"font-size:1.25rem\">Schloss Reichenau<\/h3>\n\n\n\n<p>Reichenau-Tramins<\/p>\n<\/div>\n<\/div>\n\n\n\n<div class=\"wp-block-group has-border-color has-stroke-border-color is-layout-constrained wp-container-core-group-is-layout-18a162c3 wp-block-group-is-layout-constrained\" style=\"border-width:1px;border-radius:10px;padding-top:2rem;padding-right:2rem;padding-bottom:2rem;padding-left:2rem\">\n<figure class=\"wp-block-image size-large has-custom-border\"><a href=\"https:\/\/www.alter-torkel.ch\/\"><img decoding=\"async\" src=\"https:\/\/tse1.mm.bing.net\/th\/id\/OIP.4DHhOcVXumVw_zEkeGCmwgHaE8?cb=ucfimg2ucfimg=1&amp;rs=1&amp;pid=ImgDetMain&amp;o=7&amp;rm=3\" alt=\"team_1\" style=\"border-radius:10px\"\/><\/a><\/figure>\n\n\n\n<div class=\"wp-block-group is-layout-constrained wp-container-core-group-is-layout-19e250f3 wp-block-group-is-layout-constrained\">\n<h3 class=\"wp-block-heading\" style=\"font-size:1.25rem\">Alter Torkel<\/h3>\n\n\n\n<p>Jenins<\/p>\n<\/div>\n<\/div>\n<\/div>\n\n\n\n<div class=\"wp-block-column is-layout-flow wp-block-column-is-layout-flow\" style=\"flex-basis:25%\">\n<div class=\"wp-block-group has-border-color has-stroke-border-color is-layout-constrained wp-container-core-group-is-layout-18a162c3 wp-block-group-is-layout-constrained\" style=\"border-width:1px;border-radius:10px;padding-top:2rem;padding-right:2rem;padding-bottom:2rem;padding-left:2rem\">\n<figure class=\"wp-block-image size-large has-custom-border\"><a href=\"https:\/\/www.alpengoldhotel.com\/\"><img decoding=\"async\" src=\"https:\/\/tse1.mm.bing.net\/th\/id\/OIP.f7swsXV-hQkHwfJiIh6iEgHaEK?cb=ucfimg2ucfimg=1&amp;rs=1&amp;pid=ImgDetMain&amp;o=7&amp;rm=3\" alt=\"team_1\" style=\"border-radius:10px\"\/><\/a><\/figure>\n\n\n\n<div class=\"wp-block-group is-layout-constrained wp-container-core-group-is-layout-19e250f3 wp-block-group-is-layout-constrained\">\n<h3 class=\"wp-block-heading\" style=\"font-size:1.25rem\">Alpengold<\/h3>\n\n\n\n<p>Davos <\/p>\n<\/div>\n<\/div>\n\n\n\n<div class=\"wp-block-group has-border-color has-stroke-border-color is-layout-constrained wp-container-core-group-is-layout-18a162c3 wp-block-group-is-layout-constrained\" style=\"border-width:1px;border-radius:10px;padding-top:2rem;padding-right:2rem;padding-bottom:2rem;padding-left:2rem\">\n<figure class=\"wp-block-image size-large has-custom-border\"><a href=\"https:\/\/badruttspalace.com\/de\/start\/\"><img decoding=\"async\" src=\"https:\/\/www.thehoteltrotter.com\/wp-content\/uploads\/2022\/01\/winter-tower.jpg\" alt=\"team_1\" style=\"border-radius:10px;aspect-ratio:1.6666666666666667;object-fit:cover\"\/><\/a><\/figure>\n\n\n\n<div class=\"wp-block-group is-layout-constrained wp-container-core-group-is-layout-19e250f3 wp-block-group-is-layout-constrained\">\n<h3 class=\"wp-block-heading\" style=\"font-size:1.25rem\">Badrutts Palace<\/h3>\n\n\n\n<p>St.Moritz<\/p>\n<\/div>\n<\/div>\n<\/div>\n<\/div>\n<\/div>\n<\/div>\n","protected":false},"excerpt":{"rendered":"<p>Ihre perfekte Auswahl \u2013 von uns gepr\u00fcft, f\u00fcr Sie organisiert Wir arbeiten mit ausgew\u00e4hlten Partnern aus Graub\u00fcnden zusammen, damit Sie sich um nichts k\u00fcmmern m\u00fcssen.Verve \u00fcbernimmt f\u00fcr Sie die gesamte Abstimmung mit Locations, Catering, Deko und Technik \u2013 von der Offertanfrage bis zur finalen Zusage.So profitieren Sie von gepr\u00fcfter Qualit\u00e4t, eingespielten Abl\u00e4ufen und fairen Konditionen [&hellip;]<\/p>\n","protected":false},"author":1,"featured_media":0,"parent":0,"menu_order":0,"comment_status":"closed","ping_status":"closed","template":"","meta":{"footnotes":""},"class_list":["post-24","page","type-page","status-publish","hentry"],"_links":{"self":[{"href":"https:\/\/432131-1.web.fhgr.education\/index.php?rest_route=\/wp\/v2\/pages\/24","targetHints":{"allow":["GET"]}}],"collection":[{"href":"https:\/\/432131-1.web.fhgr.education\/index.php?rest_route=\/wp\/v2\/pages"}],"about":[{"href":"https:\/\/432131-1.web.fhgr.education\/index.php?rest_route=\/wp\/v2\/types\/page"}],"author":[{"embeddable":true,"href":"https:\/\/432131-1.web.fhgr.education\/index.php?rest_route=\/wp\/v2\/users\/1"}],"replies":[{"embeddable":true,"href":"https:\/\/432131-1.web.fhgr.education\/index.php?rest_route=%2Fwp%2Fv2%2Fcomments&post=24"}],"version-history":[{"count":8,"href":"https:\/\/432131-1.web.fhgr.education\/index.php?rest_route=\/wp\/v2\/pages\/24\/revisions"}],"predecessor-version":[{"id":248,"href":"https:\/\/432131-1.web.fhgr.education\/index.php?rest_route=\/wp\/v2\/pages\/24\/revisions\/248"}],"wp:attachment":[{"href":"https:\/\/432131-1.web.fhgr.education\/index.php?rest_route=%2Fwp%2Fv2%2Fmedia&parent=24"}],"curies":[{"name":"wp","href":"https:\/\/api.w.org\/{rel}","templated":true}]}}