{"id":22,"date":"2025-11-11T11:40:33","date_gmt":"2025-11-11T10:40:33","guid":{"rendered":"https:\/\/432131-1.web.fhgr.education\/?page_id=22"},"modified":"2025-11-25T09:48:57","modified_gmt":"2025-11-25T08:48:57","slug":"lachen-tanzen-unvergesslich-werden","status":"publish","type":"page","link":"https:\/\/432131-1.web.fhgr.education\/?page_id=22","title":{"rendered":"Lachen, tanzen, unvergesslich werden"},"content":{"rendered":"\n<div class=\"wp-block-cover alignwide has-custom-content-position is-position-bottom-center is-style-default\" style=\"padding-top:6rem;padding-right:1.6rem;padding-bottom:6rem;padding-left:1.6rem;min-height:100vh;aspect-ratio:unset;\"><img loading=\"lazy\" decoding=\"async\" width=\"736\" height=\"678\" class=\"wp-block-cover__image-background wp-image-79 size-full\" alt=\"\" src=\"https:\/\/432131-1.web.fhgr.education\/wp-content\/uploads\/2025\/11\/a31bce84919ef6ce4ccf81bab484e15b-2.jpg\" data-object-fit=\"cover\" srcset=\"https:\/\/432131-1.web.fhgr.education\/wp-content\/uploads\/2025\/11\/a31bce84919ef6ce4ccf81bab484e15b-2.jpg 736w, https:\/\/432131-1.web.fhgr.education\/wp-content\/uploads\/2025\/11\/a31bce84919ef6ce4ccf81bab484e15b-2-300x276.jpg 300w\" sizes=\"auto, (max-width: 736px) 100vw, 736px\" \/><span aria-hidden=\"true\" class=\"wp-block-cover__background has-background-dim wp-block-cover__gradient-background has-background-gradient\" style=\"background:linear-gradient(180deg,rgba(36,36,30,0.33) 58%,rgb(36,36,30) 100%)\"><\/span><div class=\"wp-block-cover__inner-container is-layout-flow wp-block-cover-is-layout-flow\">\n<div class=\"wp-block-group is-layout-constrained wp-container-core-group-is-layout-530ec779 wp-block-group-is-layout-constrained\">\n<div class=\"wp-block-columns is-layout-flex wp-container-core-columns-is-layout-28f84493 wp-block-columns-is-layout-flex\">\n<div class=\"wp-block-column is-layout-flow wp-block-column-is-layout-flow\">\n<h1 class=\"wp-block-heading has-3-x-large-font-size\" style=\"line-height:1.1\">Ob Kindergeburtstag, runder Geburtstag oder private Feier \u2013 wir sorgen daf\u00fcr, dass eure G\u00e4ste sich wohlf\u00fchlen und ihr den Tag geniessen k\u00f6nnt.<\/h1>\n<\/div>\n<\/div>\n<\/div>\n<\/div><\/div>\n\n\n\n<div class=\"wp-block-group alignfull has-text-color has-background is-layout-flow wp-block-group-is-layout-flow\" style=\"color:#000000;background-color:#ffffff\">\n<div style=\"height:64px\" aria-hidden=\"true\" class=\"wp-block-spacer\"><\/div>\n\n\n\n<p class=\"has-text-align-center has-small-font-size\" style=\"line-height:.9\"><strong>GET IN TOUCH<\/strong><\/p>\n\n\n\n<h2 class=\"wp-block-heading has-text-align-center\" id=\"schedule-a-visit\" style=\"font-size:59px;line-height:1.15\">G<strong>eburtstage, die in Erinnerung bleiben \u2013 wir machen euer Fest einzigartigt<\/strong><\/h2>\n\n\n\n<div class=\"wp-block-buttons is-horizontal is-content-justification-center is-layout-flex wp-container-core-buttons-is-layout-03627597 wp-block-buttons-is-layout-flex\">\n<div class=\"wp-block-button has-custom-width wp-block-button__width-50\"><a class=\"wp-block-button__link has-text-color has-background wp-element-button\" href=\"https:\/\/432131-1.web.fhgr.education\/?page_id=113\" style=\"border-radius:50px;color:#ffffff;background-color:#000000\">Offerte einholen<\/a><\/div>\n<\/div>\n<\/div>\n\n\n\n<div class=\"wp-block-group alignwide is-layout-constrained wp-container-core-group-is-layout-5119e0d6 wp-block-group-is-layout-constrained\" style=\"padding-top:100px;padding-right:var(--wp--preset--spacing--50);padding-bottom:52px;padding-left:var(--wp--preset--spacing--50)\">\n<h2 class=\"wp-block-heading has-text-align-center\" style=\"margin-bottom:56px;font-size:3rem;font-style:normal;font-weight:400;letter-spacing:4px;text-transform:uppercase\">Leistungen im \u00dcberblick<\/h2>\n\n\n\n<div class=\"wp-block-columns is-layout-flex wp-container-core-columns-is-layout-28f84493 wp-block-columns-is-layout-flex\">\n<div class=\"wp-block-column is-layout-flow wp-block-column-is-layout-flow\" style=\"padding-bottom:48px\">\n<h3 class=\"wp-block-heading has-text-align-center\" style=\"margin-top:36px;font-size:1.25rem\">Location und Dekoration<\/h3>\n\n\n\n<p class=\"has-text-align-center\">Wir verwandeln eure Location in eine stimmungsvolle Feier, die zum Thema und Alter passt.<\/p>\n<\/div>\n\n\n\n<div class=\"wp-block-column is-layout-flow wp-block-column-is-layout-flow\" style=\"padding-bottom:48px\">\n<h3 class=\"wp-block-heading has-text-align-center\" style=\"margin-top:36px;font-size:1.25rem\">Catering und Getr\u00e4nke-Service<\/h3>\n\n\n\n<p class=\"has-text-align-center\">Wir bieten leckere Speisen und Getr\u00e4nke f\u00fcr alle Altersgruppen, individuell abgestimmt auf eure W\u00fcnsche.<\/p>\n<\/div>\n\n\n\n<div class=\"wp-block-column is-layout-flow wp-block-column-is-layout-flow\">\n<h3 class=\"wp-block-heading has-text-align-center\" style=\"margin-top:36px;font-size:1.25rem\">Unterhaltung und Aktivit\u00e4ten<\/h3>\n\n\n\n<p>Spiele, Musik oder Shows \u2013 wir sorgen daf\u00fcr, dass alle G\u00e4ste Spa\u00df haben und aktiv teilnehmen k\u00f6nnen.<\/p>\n<\/div>\n\n\n\n<div class=\"wp-block-column is-layout-flow wp-block-column-is-layout-flow\" style=\"padding-bottom:48px\">\n<h3 class=\"wp-block-heading has-text-align-center\" style=\"margin-top:36px;font-size:1.25rem\">Organisation von \u00dcberraschungen und Highlights<\/h3>\n\n\n\n<p class=\"has-text-align-center\">Von thematischen Extras bis hin zu besonderen Momenten \u2013 wir planen alles, was eure Feier einzigartig macht.<\/p>\n<\/div>\n<\/div>\n<\/div>\n\n\n\n<div class=\"wp-block-group alignwide ona-container is-layout-flow wp-block-group-is-layout-flow\" style=\"padding-top:100px;padding-bottom:20px\">\n<figure class=\"wp-block-gallery has-nested-images columns-5 is-cropped wp-block-gallery-1 is-layout-flex wp-block-gallery-is-layout-flex\">\n<figure class=\"wp-block-image size-large\"><img decoding=\"async\" src=\"https:\/\/tse1.mm.bing.net\/th\/id\/OIP.g-BRzYpvoVSotCW0Aq7iugHaHa?cb=ucfimg2ucfimg=1&amp;rs=1&amp;pid=ImgDetMain&amp;o=7&amp;rm=3\" alt=\"ona_minimal_gallery_1\"\/><\/figure>\n\n\n\n<figure class=\"wp-block-image size-large\"><img decoding=\"async\" src=\"https:\/\/i.pinimg.com\/736x\/84\/f4\/70\/84f470fa86d5365f0dd974a9b5c3da6c.jpg\" alt=\"ona_minimal_gallery_2\"\/><\/figure>\n\n\n\n<figure class=\"wp-block-image size-large\"><img decoding=\"async\" src=\"https:\/\/i.pinimg.com\/originals\/ce\/4f\/45\/ce4f45983a6bc246cd702c32924b0270.jpg\" alt=\"ona_minimal_gallery_3\"\/><\/figure>\n\n\n\n<figure class=\"wp-block-image size-large\"><img decoding=\"async\" src=\"https:\/\/natalia-weddings.de\/wp-content\/uploads\/2025\/01\/Runder-Geburtstag-e1736688247875.webp\" alt=\"ona_minimal_gallery_4\"\/><\/figure>\n\n\n\n<figure class=\"wp-block-image size-large\"><img decoding=\"async\" src=\"https:\/\/tse1.explicit.bing.net\/th\/id\/OIP.LauW0UyJhIBDdtsSX0f9yQHaJT?cb=ucfimg2ucfimg=1&amp;rs=1&amp;pid=ImgDetMain&amp;o=7&amp;rm=3\" alt=\"ona_minimal_gallery_5\"\/><\/figure>\n<\/figure>\n<\/div>\n","protected":false},"excerpt":{"rendered":"<p>GET IN TOUCH Geburtstage, die in Erinnerung bleiben \u2013 wir machen euer Fest einzigartigt Leistungen im \u00dcberblick Location und Dekoration Wir verwandeln eure Location in eine stimmungsvolle Feier, die zum Thema und Alter passt. Catering und Getr\u00e4nke-Service Wir bieten leckere Speisen und Getr\u00e4nke f\u00fcr alle Altersgruppen, individuell abgestimmt auf eure W\u00fcnsche. Unterhaltung und Aktivit\u00e4ten Spiele, [&hellip;]<\/p>\n","protected":false},"author":1,"featured_media":0,"parent":0,"menu_order":0,"comment_status":"closed","ping_status":"closed","template":"","meta":{"footnotes":""},"class_list":["post-22","page","type-page","status-publish","hentry"],"_links":{"self":[{"href":"https:\/\/432131-1.web.fhgr.education\/index.php?rest_route=\/wp\/v2\/pages\/22","targetHints":{"allow":["GET"]}}],"collection":[{"href":"https:\/\/432131-1.web.fhgr.education\/index.php?rest_route=\/wp\/v2\/pages"}],"about":[{"href":"https:\/\/432131-1.web.fhgr.education\/index.php?rest_route=\/wp\/v2\/types\/page"}],"author":[{"embeddable":true,"href":"https:\/\/432131-1.web.fhgr.education\/index.php?rest_route=\/wp\/v2\/users\/1"}],"replies":[{"embeddable":true,"href":"https:\/\/432131-1.web.fhgr.education\/index.php?rest_route=%2Fwp%2Fv2%2Fcomments&post=22"}],"version-history":[{"count":14,"href":"https:\/\/432131-1.web.fhgr.education\/index.php?rest_route=\/wp\/v2\/pages\/22\/revisions"}],"predecessor-version":[{"id":257,"href":"https:\/\/432131-1.web.fhgr.education\/index.php?rest_route=\/wp\/v2\/pages\/22\/revisions\/257"}],"wp:attachment":[{"href":"https:\/\/432131-1.web.fhgr.education\/index.php?rest_route=%2Fwp%2Fv2%2Fmedia&parent=22"}],"curies":[{"name":"wp","href":"https:\/\/api.w.org\/{rel}","templated":true}]}}