{"id":19,"date":"2025-11-11T17:24:38","date_gmt":"2025-11-11T16:24:38","guid":{"rendered":"https:\/\/432131-1.web.fhgr.education\/?page_id=19"},"modified":"2025-11-11T18:17:56","modified_gmt":"2025-11-11T17:17:56","slug":"fragen-antworten","status":"publish","type":"page","link":"https:\/\/432131-1.web.fhgr.education\/?page_id=19","title":{"rendered":"Fragen &#038; Antworten"},"content":{"rendered":"\n<div class=\"wp-block-group alignfull has-base-color has-contrast-background-color has-text-color has-background has-link-color wp-elements-e828c9e6c6f6b7a21bd5423d3edc8e77 is-layout-constrained wp-container-core-group-is-layout-d89aad35 wp-block-group-is-layout-constrained\" style=\"margin-top:0;margin-bottom:0;padding-top:var(--wp--preset--spacing--50);padding-right:var(--wp--preset--spacing--50);padding-bottom:var(--wp--preset--spacing--50);padding-left:var(--wp--preset--spacing--50)\">\n<h2 class=\"wp-block-heading alignwide has-base-color has-text-color has-link-color wp-elements-c9b5699bdecff18878afa112249018b5\" style=\"font-size:10rem;letter-spacing:-0.02em\">FAQs<\/h2>\n\n\n\n<div class=\"wp-block-group alignwide is-layout-flow wp-block-group-is-layout-flow\">\n<hr class=\"wp-block-separator has-text-color has-base-color has-alpha-channel-opacity has-base-background-color has-background is-style-wide\" style=\"margin-top:var(--wp--preset--spacing--30);margin-bottom:var(--wp--preset--spacing--30)\"\/>\n\n\n\n<hr class=\"wp-block-separator aligncenter has-alpha-channel-opacity\"\/>\n\n\n\n<h3 class=\"wp-block-heading alignwide has-base-2-color has-text-color has-link-color wp-elements-1e24da531935bbc86a98f4336c714ad5\"><strong>Wie l\u00e4uft die Zusammenarbeit mit Verve ab?<\/strong><\/h3>\n\n\n\n<p class=\"has-contrast-1-color has-text-color has-link-color wp-elements-60caffdcaa46ae3963d8345ee7d31db9\">Wir beginnen mit einem pers\u00f6nlichen Kennenlernen, um Ihre W\u00fcnsche zu verstehen. Danach erstellen wir ein individuelles Konzept mit passenden Vorschl\u00e4gen f\u00fcr Location, Dekoration und Ablauf. Sobald Sie zufrieden sind, \u00fcbernehmen wir die gesamte Organisation und Koordination am Eventtag.<\/p>\n\n\n\n<hr class=\"wp-block-separator has-text-color has-base-color has-alpha-channel-opacity has-base-background-color has-background is-style-wide\" style=\"margin-top:var(--wp--preset--spacing--30);margin-bottom:var(--wp--preset--spacing--30)\"\/>\n\n\n\n<hr class=\"wp-block-separator has-alpha-channel-opacity\"\/>\n\n\n\n<h3 class=\"wp-block-heading alignwide has-base-2-color has-text-color has-link-color wp-elements-113ccd1d7b26eaec1dbe8683b0fbcba8\"><strong>Wie lange im Voraus sollte man buchen?<\/strong><\/h3>\n\n\n\n<p class=\"has-contrast-1-color has-text-color has-link-color wp-elements-e813305bdfd31c348dc5cc74857ad214\">Je nach Saison sind wir schnell ausgebucht. F\u00fcr Hochzeiten empfehlen wir eine Anfrage <strong>6\u201312 Monate im Voraus<\/strong>, f\u00fcr andere Events <strong>3\u20136 Monate<\/strong>.<\/p>\n\n\n\n<hr class=\"wp-block-separator has-text-color has-base-color has-alpha-channel-opacity has-base-background-color has-background is-style-wide\" style=\"margin-top:var(--wp--preset--spacing--30);margin-bottom:var(--wp--preset--spacing--30)\"\/>\n\n\n\n<hr class=\"wp-block-separator has-alpha-channel-opacity\"\/>\n\n\n\n<h3 class=\"wp-block-heading alignwide has-base-2-color has-text-color has-link-color wp-elements-6f851197cda2fbc43b955d96710415eb\"><strong>Was kostet ein Event mit Verve?<\/strong><\/h3>\n\n\n\n<p class=\"has-contrast-1-color has-text-color has-link-color wp-elements-55a62d34c895766e22c6227db5f77f65\">Das h\u00e4ngt vom Umfang, der G\u00e4stezahl und den gew\u00fcnschten Leistungen ab. Nach einem ersten Gespr\u00e4ch erhalten Sie ein <strong>unverbindliches Angebot<\/strong>.<\/p>\n\n\n\n<hr class=\"wp-block-separator has-text-color has-base-color has-alpha-channel-opacity has-base-background-color has-background is-style-wide\" style=\"margin-top:var(--wp--preset--spacing--30);margin-bottom:var(--wp--preset--spacing--30)\"\/>\n\n\n\n<hr class=\"wp-block-separator has-alpha-channel-opacity\"\/>\n\n\n\n<h3 class=\"wp-block-heading alignwide has-base-2-color has-text-color has-link-color wp-elements-700d7a07921d34296f88a5bdf68145ef\"><strong>Was passiert, wenn das Event verschoben werden muss (z. B. wegen Krankheit oder Wetter)?<\/strong><\/h3>\n\n\n\n<p class=\"has-contrast-1-color has-text-color has-link-color wp-elements-6bf48bdb2a9df9fd39e7195910979495\">Wir versuchen, immer eine flexible L\u00f6sung zu finden. Bei fr\u00fchzeitiger Absage k\u00f6nnen Termine in der Regel kostenlos verschoben werden.<\/p>\n\n\n\n<div style=\"margin-top:var(--wp--preset--spacing--10);margin-bottom:0;height:var(--wp--preset--spacing--10)\" aria-hidden=\"true\" class=\"wp-block-spacer\"><\/div>\n\n\n\n<hr class=\"wp-block-separator has-alpha-channel-opacity\"\/>\n<\/div>\n<\/div>\n\n\n\n<div class=\"wp-block-group alignfull is-content-justification-center is-layout-constrained wp-block-group-is-layout-constrained\" style=\"margin-top:0;margin-bottom:0;padding-top:var(--wp--preset--spacing--40);padding-bottom:var(--wp--preset--spacing--40)\">\n<div class=\"wp-block-group alignwide is-layout-constrained wp-container-core-group-is-layout-f44438b0 wp-block-group-is-layout-constrained\">\n<div class=\"wp-block-group alignwide is-vertical is-content-justification-center is-layout-flex wp-container-core-group-is-layout-ce155fab wp-block-group-is-layout-flex\">\n<h2 class=\"wp-block-heading alignwide has-text-align-center\" style=\"margin-top:0;margin-bottom:0\">Frage noch nicht beantwortet?<\/h2>\n\n\n\n<p class=\"has-text-align-center is-contact-description\">Keine Sorge \u2013 wir arbeiten st\u00e4ndig daran, unsere FAQ zu erweitern. Wenn deine Frage hier noch nicht auftaucht, z\u00f6gere nicht, uns direkt zu kontaktieren. Wir helfen dir gerne pers\u00f6nlich weiter!<\/p>\n<\/div>\n\n\n\n<div class=\"wp-block-buttons is-content-justification-right is-layout-flex wp-container-core-buttons-is-layout-d445cf74 wp-block-buttons-is-layout-flex\">\n<div class=\"wp-block-button\"><a class=\"wp-block-button__link wp-element-button\" href=\"https:\/\/432131-1.web.fhgr.education\/?page_id=107\">Frage stellen<\/a><\/div>\n<\/div>\n<\/div>\n<\/div>\n\n\n\n<p><\/p>\n","protected":false},"excerpt":{"rendered":"<p>FAQs Wie l\u00e4uft die Zusammenarbeit mit Verve ab? Wir beginnen mit einem pers\u00f6nlichen Kennenlernen, um Ihre W\u00fcnsche zu verstehen. Danach erstellen wir ein individuelles Konzept mit passenden Vorschl\u00e4gen f\u00fcr Location, Dekoration und Ablauf. Sobald Sie zufrieden sind, \u00fcbernehmen wir die gesamte Organisation und Koordination am Eventtag. Wie lange im Voraus sollte man buchen? Je nach [&hellip;]<\/p>\n","protected":false},"author":1,"featured_media":0,"parent":0,"menu_order":0,"comment_status":"closed","ping_status":"closed","template":"","meta":{"footnotes":""},"class_list":["post-19","page","type-page","status-publish","hentry"],"_links":{"self":[{"href":"https:\/\/432131-1.web.fhgr.education\/index.php?rest_route=\/wp\/v2\/pages\/19","targetHints":{"allow":["GET"]}}],"collection":[{"href":"https:\/\/432131-1.web.fhgr.education\/index.php?rest_route=\/wp\/v2\/pages"}],"about":[{"href":"https:\/\/432131-1.web.fhgr.education\/index.php?rest_route=\/wp\/v2\/types\/page"}],"author":[{"embeddable":true,"href":"https:\/\/432131-1.web.fhgr.education\/index.php?rest_route=\/wp\/v2\/users\/1"}],"replies":[{"embeddable":true,"href":"https:\/\/432131-1.web.fhgr.education\/index.php?rest_route=%2Fwp%2Fv2%2Fcomments&post=19"}],"version-history":[{"count":7,"href":"https:\/\/432131-1.web.fhgr.education\/index.php?rest_route=\/wp\/v2\/pages\/19\/revisions"}],"predecessor-version":[{"id":145,"href":"https:\/\/432131-1.web.fhgr.education\/index.php?rest_route=\/wp\/v2\/pages\/19\/revisions\/145"}],"wp:attachment":[{"href":"https:\/\/432131-1.web.fhgr.education\/index.php?rest_route=%2Fwp%2Fv2%2Fmedia&parent=19"}],"curies":[{"name":"wp","href":"https:\/\/api.w.org\/{rel}","templated":true}]}}